{"id":3033,"date":"2023-11-13T11:44:43","date_gmt":"2023-11-13T11:44:43","guid":{"rendered":"https:\/\/jantar-morze.pl\/club-plaza\/?page_id=3033"},"modified":"2023-11-13T13:14:33","modified_gmt":"2023-11-13T13:14:33","slug":"o-nas-de","status":"publish","type":"page","link":"https:\/\/jantar-morze.pl\/club-plaza\/de\/o-nas-de\/","title":{"rendered":"o-nas-de"},"content":{"rendered":"\t\t<div data-elementor-type=\"wp-page\" data-elementor-id=\"3033\" class=\"elementor elementor-3033\" data-elementor-post-type=\"page\">\n\t\t\t\t\t\t\t<div class=\"elementor-element elementor-element-c61960d e-con-full e-flex e-con e-parent\" data-id=\"c61960d\" data-element_type=\"container\" data-settings=\"{&quot;content_width&quot;:&quot;full&quot;}\" data-core-v316-plus=\"true\">\n\t\t<div class=\"elementor-element elementor-element-482cf50 e-con-full e-flex e-con e-child\" data-id=\"482cf50\" data-element_type=\"container\" data-settings=\"{&quot;content_width&quot;:&quot;full&quot;}\">\n\t\t<div class=\"elementor-element elementor-element-597c46b e-con-full e-flex e-con e-child\" data-id=\"597c46b\" data-element_type=\"container\" data-settings=\"{&quot;content_width&quot;:&quot;full&quot;}\">\n\t\t<div class=\"elementor-element elementor-element-925adf8 e-con-full e-flex e-con e-child\" data-id=\"925adf8\" data-element_type=\"container\" data-settings=\"{&quot;background_background&quot;:&quot;classic&quot;,&quot;content_width&quot;:&quot;full&quot;}\">\n\t\t\t\t<div class=\"elementor-element elementor-element-bf671d5 elementor-widget elementor-widget-heading\" data-id=\"bf671d5\" data-element_type=\"widget\" data-widget_type=\"heading.default\">\n\t\t\t\t<div class=\"elementor-widget-container\">\n\t\t\t<style>\/*! elementor - v3.17.0 - 08-11-2023 *\/\n.elementor-heading-title{padding:0;margin:0;line-height:1}.elementor-widget-heading .elementor-heading-title[class*=elementor-size-]>a{color:inherit;font-size:inherit;line-height:inherit}.elementor-widget-heading .elementor-heading-title.elementor-size-small{font-size:15px}.elementor-widget-heading .elementor-heading-title.elementor-size-medium{font-size:19px}.elementor-widget-heading .elementor-heading-title.elementor-size-large{font-size:29px}.elementor-widget-heading .elementor-heading-title.elementor-size-xl{font-size:39px}.elementor-widget-heading .elementor-heading-title.elementor-size-xxl{font-size:59px}<\/style><h2 class=\"elementor-heading-title elementor-size-default\">\u00dcBER UNS<\/h2>\t\t<\/div>\n\t\t\t\t<\/div>\n\t\t\t\t<\/div>\n\t\t\t\t<\/div>\n\t\t\t\t<\/div>\n\t\t\t\t<\/div>\n\t\t\t\t<section class=\"elementor-section elementor-top-section elementor-element elementor-element-3e199d7 elementor-section-full_width elementor-section-height-default elementor-section-height-default\" data-id=\"3e199d7\" data-element_type=\"section\">\n\t\t\t\t\t\t<div class=\"elementor-container elementor-column-gap-no\">\n\t\t\t\t\t<div class=\"elementor-column elementor-col-100 elementor-top-column elementor-element elementor-element-7242e26\" data-id=\"7242e26\" data-element_type=\"column\">\n\t\t\t<div class=\"elementor-widget-wrap elementor-element-populated\">\n\t\t\t\t\t\t\t\t<div class=\"elementor-element elementor-element-3f19ce5 elementor-widget elementor-widget-samantha-about-us-2\" data-id=\"3f19ce5\" data-element_type=\"widget\" data-widget_type=\"samantha-about-us-2.default\">\n\t\t\t\t<div class=\"elementor-widget-container\">\n\t\t\t\n\t\t\n\t\t<section class=\"about-section gap no-bottom\">\n\t\t   <div class=\"background-shape\" style=\"background-image: url('https:\/\/jantar-morze.pl\/club-plaza\/wp-content\/uploads\/2022\/12\/blur-4.png');\"><\/div>\t\t   <div class=\"container\">\n\t\t     <div class=\"row align-items-center\">\n\t\t       <div class=\"col-lg-8 p-0\" data-aos=\"fade-right\"  data-aos-delay=\"200\" data-aos-duration=\"400\">\n\t\t         <div class=\"photo-section about hover-style\">\n\t\t         \t<figure>\n\t\t             <a data-fancybox=\"\" href=\"https:\/\/www.youtube.com\/watch?v=LcGDkP7fqmg\">\n\t\t\t\t\t\t\t\t\t\t\t\t\t<img decoding=\"async\" alt=\"photo-section\" src=\"https:\/\/jantar-morze.pl\/club-plaza\/wp-content\/uploads\/2023\/10\/vs230121-001-950x534.jpg\" \/>\n\t\t\t\t\t\t\t\t\t\t\t\t<i class=\"fas fa-play\"><\/i>\n\t\t             <\/a>\n\t\t         \t<\/figure>\n\t\t         <\/div>\n\t\t       <\/div>\n\t\t       <div class=\"col-lg-4 p-0\" data-aos=\"fade-left\"  data-aos-delay=\"300\" data-aos-duration=\"500\">\n\t\t       \t<div class=\"about-info heading about\">\n\t\t\t\t\t\t\t\t\t       \t\t<h3>\n\t\t\t\t\t\t\t\t<span >\n\t\t\t\t\t\t\t\t\tUnser Konzept\t\t\t\t\t\t\t\t<\/span>\n\t\t\t\t\t\t\t<\/h3>\n\t\t\t\t\t\t\t\t\t\t\t\t\t\t\t\t\t\t\t\t\t<div >\n\t\t\t\t\t\t\t\t<p>Unser Konzept besteht darin, einen einzigartigen Raum zu schaffen, in dem echte Gesundheitspflege im Vordergrund steht und nicht nur die Einnahme von Pillen. Basierend auf den Ideen von Professor Andrzej Frydrykowski bietet unser Club einen Ansatz, der wissenschaftliche Methoden und echte F\u00fcrsorge f\u00fcr jeden Gast kombiniert<\/p>\t\t\t\t\t\t\t<\/div>\n\t\t\t\t\t\t\t\t\t\t\t\t\t\t\t\t       \t<\/div>\n\t\t       <\/div>\n\t\t     <\/div>\n\t\t   <\/div>\n\t\t <\/section>\n\n\t\t\t\t<\/div>\n\t\t\t\t<\/div>\n\t\t\t\t\t<\/div>\n\t\t<\/div>\n\t\t\t\t\t\t\t<\/div>\n\t\t<\/section>\n\t\t\t\t<section class=\"elementor-section elementor-top-section elementor-element elementor-element-7c042c2 elementor-section-full_width elementor-section-height-default elementor-section-height-default\" data-id=\"7c042c2\" data-element_type=\"section\">\n\t\t\t\t\t\t<div class=\"elementor-container elementor-column-gap-no\">\n\t\t\t\t\t<div class=\"elementor-column elementor-col-100 elementor-top-column elementor-element elementor-element-f1816ec\" data-id=\"f1816ec\" data-element_type=\"column\">\n\t\t\t<div class=\"elementor-widget-wrap\">\n\t\t\t\t\t\t\t\t\t<\/div>\n\t\t<\/div>\n\t\t\t\t\t\t\t<\/div>\n\t\t<\/section>\n\t\t<div class=\"elementor-element elementor-element-b619fdd e-con-full e-flex e-con e-parent\" data-id=\"b619fdd\" data-element_type=\"container\" data-settings=\"{&quot;content_width&quot;:&quot;full&quot;}\" data-core-v316-plus=\"true\">\n\t\t<div class=\"elementor-element elementor-element-98a4956 e-con-full e-flex e-con e-child\" data-id=\"98a4956\" data-element_type=\"container\" data-settings=\"{&quot;content_width&quot;:&quot;full&quot;,&quot;background_background&quot;:&quot;classic&quot;}\">\n\t\t\t\t<div class=\"elementor-element elementor-element-816dfa5 elementor-widget elementor-widget-heading\" data-id=\"816dfa5\" data-element_type=\"widget\" data-widget_type=\"heading.default\">\n\t\t\t\t<div class=\"elementor-widget-container\">\n\t\t\t<h2 class=\"elementor-heading-title elementor-size-default\">45 Jahre Erfahrung<\/h2>\t\t<\/div>\n\t\t\t\t<\/div>\n\t\t\t\t<\/div>\n\t\t<div class=\"elementor-element elementor-element-1f054ba e-con-full e-flex e-con e-child\" data-id=\"1f054ba\" data-element_type=\"container\" data-settings=\"{&quot;content_width&quot;:&quot;full&quot;,&quot;background_background&quot;:&quot;classic&quot;}\">\n\t\t\t\t<div class=\"elementor-element elementor-element-56eb8fc elementor-widget elementor-widget-heading\" data-id=\"56eb8fc\" data-element_type=\"widget\" data-widget_type=\"heading.default\">\n\t\t\t\t<div class=\"elementor-widget-container\">\n\t\t\t<h2 class=\"elementor-heading-title elementor-size-default\">\u00dcber 160 wissenschaftliche Ver\u00f6ffentlichungen<\/h2>\t\t<\/div>\n\t\t\t\t<\/div>\n\t\t\t\t<\/div>\n\t\t\t\t<\/div>\n\t\t<div class=\"elementor-element elementor-element-834d177 e-con-full e-flex e-con e-parent\" data-id=\"834d177\" data-element_type=\"container\" data-settings=\"{&quot;content_width&quot;:&quot;full&quot;}\" data-core-v316-plus=\"true\">\n\t\t\t\t<div class=\"elementor-element elementor-element-fd122de elementor-widget elementor-widget-samantha-intro\" data-id=\"fd122de\" data-element_type=\"widget\" data-widget_type=\"samantha-intro.default\">\n\t\t\t\t<div class=\"elementor-widget-container\">\n\t\t\t\n\t\t<section class=\"hero-section \">\n\t\t    <div class=\"container\">\n\t\t        <div class=\"row align-items-center\">\n\t\t            <div class=\" col-lg-6 col-md 12 col-sm-12\" data-aos=\"fade-right\" data-aos-delay=\"200\" data-aos-duration=\"400\">\n\t\t            \t<div class=\"content\">\n\t\t\t\t\t\t\t\t\t\t\t\t\t\t\t\t\t\t\t\t\t\t                <h2>\n\t\t\t\t\t\t\t\t\t\t\t<span >\n\t\t\t\t\t\t\t          Prof. Andrzej Frydrychowski\t\t\t\t\t\t\t        <\/span>\n\t\t\t\t\t\t\t\t\t\t<\/h2>\n\t\t\t\t\t\t\t\t\t\t\t\t\t\t\t\t\t\t\t\t\t\t                <p>\n\t\t\t\t\t\t\t\t\t\t\t<span >\n\t\t\t\t\t\t\t          Professor Andrzej Frydrychowski ist ein renommierter Chirurg und Spezialist f\u00fcr ganzheitliche Medizin, Akupunktur und klinische Physiologie. Er ist seit vielen Jahren Pr\u00e4sident des Verwaltungsrats des TLMZ.\n\nSein Beitrag zur Wissenschaft ist beeindruckend. Er hat mehr als 160 wissenschaftliche Ver\u00f6ffentlichungen verfasst, die zur Entwicklung der Medizin und der \u00f6ffentlichen Gesundheit beigetragen haben. Insbesondere ist der Professor der Sch\u00f6pfer eines einzigartigen Systems f\u00fcr die Reflexotherapie - \"Dr. ANDREW\". Dar\u00fcber hinaus hat er eine nicht-invasive Methode zur \u00dcberwachung von Ver\u00e4nderungen in der Breite des Subarachnoidalraums und der Amplitude der Hirnoberfl\u00e4chenarterie entwickelt. Diese innovative Methode ist von entscheidender Bedeutung f\u00fcr die Erkennung der Fr\u00fchphase von Hirnschwellungen, was einen Durchbruch bei der Behandlung vieler neurologischer Erkrankungen bedeuten k\u00f6nnte.\t\t\t\t\t\t\t        <\/span>\n\t\t\t\t\t\t\t\t\t\t<\/p>\n\t\t\t\t\t\t\t\t\t\t\t\t\t\t\t\t\t\t\t\t\t\t\t\t\t\t\t\t\t\t\t\t               <\/div>\n\t\t            <\/div>\n\n\t\t            <div class=\"col-lg-6 col-md 12 col-sm-12\" data-aos=\"fade-left\" data-aos-delay=\"300\" data-aos-duration=\"500\">\n\t\t            \t<div class=\"row\">\n\t\t            \t\t<div class=\"col-lg-8 col-md-8 col-sm-8 col-8 p-0\">\n\t\t\t\t\t\t\t\t\t\t\t            \t\t<div class=\"about-section-photo\">\n\t\t\t            \t\t\t<img decoding=\"async\" alt=\"Photo Image\" class=\"Photo-about\" src=\"https:\/\/jantar-morze.pl\/club-plaza\/wp-content\/uploads\/2023\/10\/351686_croped.jpg\" \/>\n\t\t\t            \t\t<\/div>\n\t\t\t\t\t\t\t\t\t\t\t            \t<\/div>\n\t\t\t            \t<div class=\"col-lg-4 col-md-4 col-sm-4 col-4 p-0\">\n\t\t\t\t\t\t\t\t\t\t\t            \t<\/div>\n\t\t\t            <\/div>\n\t\t            <\/div>\n\t\t        <\/div>\n\t\t    <\/div>\n\t\t<\/section>\n\n\t\t\t\t<\/div>\n\t\t\t\t<\/div>\n\t\t\t\t<\/div>\n\t\t<div class=\"elementor-element elementor-element-a8044cd e-con-full e-flex e-con e-parent\" data-id=\"a8044cd\" data-element_type=\"container\" data-settings=\"{&quot;content_width&quot;:&quot;full&quot;}\" data-core-v316-plus=\"true\">\n\t\t<div class=\"elementor-element elementor-element-3b07bd4 e-flex e-con-boxed e-con e-child\" data-id=\"3b07bd4\" data-element_type=\"container\" data-settings=\"{&quot;content_width&quot;:&quot;boxed&quot;}\">\n\t\t\t\t\t<div class=\"e-con-inner\">\n\t\t<div class=\"elementor-element elementor-element-a8eed30 e-con-full e-flex e-con e-child\" data-id=\"a8eed30\" data-element_type=\"container\" data-settings=\"{&quot;content_width&quot;:&quot;full&quot;}\">\n\t\t\t\t<div class=\"elementor-element elementor-element-8745858 elementor-widget elementor-widget-heading\" data-id=\"8745858\" data-element_type=\"widget\" data-widget_type=\"heading.default\">\n\t\t\t\t<div class=\"elementor-widget-container\">\n\t\t\t<h2 class=\"elementor-heading-title elementor-size-default\">WIRKSAM HEILEN <\/h2>\t\t<\/div>\n\t\t\t\t<\/div>\n\t\t\t\t<div class=\"elementor-element elementor-element-63d5dd0 elementor-widget elementor-widget-text-editor\" data-id=\"63d5dd0\" data-element_type=\"widget\" data-widget_type=\"text-editor.default\">\n\t\t\t\t<div class=\"elementor-widget-container\">\n\t\t\t<style>\/*! elementor - v3.17.0 - 08-11-2023 *\/\n.elementor-widget-text-editor.elementor-drop-cap-view-stacked .elementor-drop-cap{background-color:#69727d;color:#fff}.elementor-widget-text-editor.elementor-drop-cap-view-framed .elementor-drop-cap{color:#69727d;border:3px solid;background-color:transparent}.elementor-widget-text-editor:not(.elementor-drop-cap-view-default) .elementor-drop-cap{margin-top:8px}.elementor-widget-text-editor:not(.elementor-drop-cap-view-default) .elementor-drop-cap-letter{width:1em;height:1em}.elementor-widget-text-editor .elementor-drop-cap{float:left;text-align:center;line-height:1;font-size:50px}.elementor-widget-text-editor .elementor-drop-cap-letter{display:inline-block}<\/style>\t\t\t\t<p>Eine mehrb\u00e4ndige Reihe von B\u00fcchern &#8211; Handb\u00fcchern -, in denen Sie etwas \u00fcber Medizin erfahren, \u00fcber die noch nie jemand geschrieben hat. Wir zeigen Ihnen ungew\u00f6hnliche, aber wirksame, wissenschaftlich und klinisch erprobte Wege zur Bek\u00e4mpfung der gef\u00e4hrlichsten Krankheiten, die die Welt nicht besiegen kann.<\/p>\t\t\t\t\t\t<\/div>\n\t\t\t\t<\/div>\n\t\t<div class=\"elementor-element elementor-element-ae2f786 e-flex e-con-boxed e-con e-child\" data-id=\"ae2f786\" data-element_type=\"container\" data-settings=\"{&quot;background_background&quot;:&quot;classic&quot;,&quot;content_width&quot;:&quot;boxed&quot;}\">\n\t\t\t\t\t<div class=\"e-con-inner\">\n\t\t\t\t<div class=\"elementor-element elementor-element-24cde33 elementor-widget elementor-widget-text-editor\" data-id=\"24cde33\" data-element_type=\"widget\" data-widget_type=\"text-editor.default\">\n\t\t\t\t<div class=\"elementor-widget-container\">\n\t\t\t\t\t\t\t<p>Ausreichende Mengen an Vitaminen, Mineralien, Proteinen, Fetten, Wasser, Spurenstoffen und nat\u00fcrlich frische Luft sind f\u00fcr eine normale Funktion und Gesundheit unerl\u00e4sslich. Wenn das alles ist, erkrankt der K\u00f6rper an nichts, weil er mit allem bestens zurechtkommt.<br \/>(Prof. Andrzej Frydrychowski)<\/p>\t\t\t\t\t\t<\/div>\n\t\t\t\t<\/div>\n\t\t\t\t\t<\/div>\n\t\t\t\t<\/div>\n\t\t\t\t<\/div>\n\t\t<div class=\"elementor-element elementor-element-0eb963e e-con-full e-flex e-con e-child\" data-id=\"0eb963e\" data-element_type=\"container\" data-settings=\"{&quot;content_width&quot;:&quot;full&quot;}\">\n\t\t\t\t<div class=\"elementor-element elementor-element-279380e elementor-widget elementor-widget-image\" data-id=\"279380e\" data-element_type=\"widget\" data-widget_type=\"image.default\">\n\t\t\t\t<div class=\"elementor-widget-container\">\n\t\t\t<style>\/*! elementor - v3.17.0 - 08-11-2023 *\/\n.elementor-widget-image{text-align:center}.elementor-widget-image a{display:inline-block}.elementor-widget-image a img[src$=\".svg\"]{width:48px}.elementor-widget-image img{vertical-align:middle;display:inline-block}<\/style>\t\t\t\t\t\t\t\t\t\t\t\t<img loading=\"lazy\" decoding=\"async\" width=\"768\" height=\"745\" src=\"https:\/\/jantar-morze.pl\/club-plaza\/wp-content\/uploads\/2023\/10\/frydrych2-768x745-1.jpg\" class=\"attachment-large size-large wp-image-2894\" alt=\"\" srcset=\"https:\/\/jantar-morze.pl\/club-plaza\/wp-content\/uploads\/2023\/10\/frydrych2-768x745-1.jpg 768w, https:\/\/jantar-morze.pl\/club-plaza\/wp-content\/uploads\/2023\/10\/frydrych2-768x745-1-300x291.jpg 300w\" sizes=\"auto, (max-width: 768px) 100vw, 768px\" \/>\t\t\t\t\t\t\t\t\t\t\t\t\t\t\t<\/div>\n\t\t\t\t<\/div>\n\t\t\t\t<\/div>\n\t\t\t\t\t<\/div>\n\t\t\t\t<\/div>\n\t\t\t\t<\/div>\n\t\t<div class=\"elementor-element elementor-element-2741654 e-con-full e-flex e-con e-parent\" data-id=\"2741654\" data-element_type=\"container\" data-settings=\"{&quot;content_width&quot;:&quot;full&quot;}\" data-core-v316-plus=\"true\">\n\t\t<div class=\"elementor-element elementor-element-11ae041 e-flex e-con-boxed e-con e-child\" data-id=\"11ae041\" data-element_type=\"container\" data-settings=\"{&quot;content_width&quot;:&quot;boxed&quot;}\">\n\t\t\t\t\t<div class=\"e-con-inner\">\n\t\t<div class=\"elementor-element elementor-element-9f7cbdc e-con-full e-flex e-con e-child\" data-id=\"9f7cbdc\" data-element_type=\"container\" data-settings=\"{&quot;content_width&quot;:&quot;full&quot;}\">\n\t\t\t\t<div class=\"elementor-element elementor-element-411c7b0 elementor-widget elementor-widget-heading\" data-id=\"411c7b0\" data-element_type=\"widget\" data-widget_type=\"heading.default\">\n\t\t\t\t<div class=\"elementor-widget-container\">\n\t\t\t<h2 class=\"elementor-heading-title elementor-size-default\">Die Rolle des Professors bei unserem Umschwung<\/h2>\t\t<\/div>\n\t\t\t\t<\/div>\n\t\t\t\t<div class=\"elementor-element elementor-element-bbd2140 elementor-widget elementor-widget-text-editor\" data-id=\"bbd2140\" data-element_type=\"widget\" data-widget_type=\"text-editor.default\">\n\t\t\t\t<div class=\"elementor-widget-container\">\n\t\t\t\t\t\t\t<p>Wir freuen uns, Ihnen mitteilen zu k\u00f6nnen, dass Sie w\u00e4hrend unserer Keto-Tour ein einzigartiges Ereignis erwartet. Der Professor, eine Autorit\u00e4t auf dem Gebiet der ketogenen Di\u00e4t und der Medizin, wird pers\u00f6nlich die medizinischen Analysen jedes Teilnehmers analysieren. Dabei handelt es sich nicht nur um eine Standarduntersuchung: Der Professor wird detaillierte Untersuchungen und Vortr\u00e4ge durchf\u00fchren, um alle Feinheiten und Besonderheiten der ketogenen Di\u00e4t aufzudecken.<\/p><p>\u00a0<\/p><p>Aber das ist noch nicht alles! Auf der Grundlage der Ergebnisse der Analysen wird der Professor pers\u00f6nlich eine individuelle Di\u00e4t f\u00fcr jeden Teilnehmer entwerfen. Auf diese Weise erhalten Sie einen ganz pers\u00f6nlichen Ern\u00e4hrungsplan, der optimal auf Ihre individuellen Bed\u00fcrfnisse und K\u00f6rpereigenschaften abgestimmt ist.<\/p>\t\t\t\t\t\t<\/div>\n\t\t\t\t<\/div>\n\t\t\t\t<\/div>\n\t\t<div class=\"elementor-element elementor-element-fe97bb8 e-con-full e-flex e-con e-child\" data-id=\"fe97bb8\" data-element_type=\"container\" data-settings=\"{&quot;content_width&quot;:&quot;full&quot;}\">\n\t\t\t\t<div class=\"elementor-element elementor-element-40ab31f elementor-widget elementor-widget-image\" data-id=\"40ab31f\" data-element_type=\"widget\" data-widget_type=\"image.default\">\n\t\t\t\t<div class=\"elementor-widget-container\">\n\t\t\t\t\t\t\t\t\t\t\t\t\t\t\t<img loading=\"lazy\" decoding=\"async\" width=\"900\" height=\"600\" src=\"https:\/\/jantar-morze.pl\/club-plaza\/wp-content\/uploads\/2023\/10\/nutritionist-with-healthy-fruit-vegetable-and-mea-2021-10-06-09-52-28-utc-1-1024x683.png\" class=\"attachment-large size-large wp-image-2584\" alt=\"\" srcset=\"https:\/\/jantar-morze.pl\/club-plaza\/wp-content\/uploads\/2023\/10\/nutritionist-with-healthy-fruit-vegetable-and-mea-2021-10-06-09-52-28-utc-1-1024x683.png 1024w, https:\/\/jantar-morze.pl\/club-plaza\/wp-content\/uploads\/2023\/10\/nutritionist-with-healthy-fruit-vegetable-and-mea-2021-10-06-09-52-28-utc-1-300x200.png 300w, https:\/\/jantar-morze.pl\/club-plaza\/wp-content\/uploads\/2023\/10\/nutritionist-with-healthy-fruit-vegetable-and-mea-2021-10-06-09-52-28-utc-1-768x512.png 768w, https:\/\/jantar-morze.pl\/club-plaza\/wp-content\/uploads\/2023\/10\/nutritionist-with-healthy-fruit-vegetable-and-mea-2021-10-06-09-52-28-utc-1-950x633.png 950w, https:\/\/jantar-morze.pl\/club-plaza\/wp-content\/uploads\/2023\/10\/nutritionist-with-healthy-fruit-vegetable-and-mea-2021-10-06-09-52-28-utc-1.png 1050w\" sizes=\"auto, (max-width: 900px) 100vw, 900px\" \/>\t\t\t\t\t\t\t\t\t\t\t\t\t\t\t<\/div>\n\t\t\t\t<\/div>\n\t\t\t\t<\/div>\n\t\t\t\t\t<\/div>\n\t\t\t\t<\/div>\n\t\t\t\t<\/div>\n\t\t\t\t\t\t\t<\/div>\n\t\t","protected":false},"excerpt":{"rendered":"<p>\u00dcBER UNS Unser Konzept Unser Konzept besteht darin, einen einzigartigen Raum zu schaffen, in dem echte Gesundheitspflege im Vordergrund steht.. <span class=\"smth-el-more\"><a href=\"https:\/\/jantar-morze.pl\/club-plaza\/de\/o-nas-de\/\" class=\"smth-readmore\">Read more<i class=\"fas fa-arrow-right\"><\/i><\/a><\/span><\/p>\n","protected":false},"author":1,"featured_media":0,"parent":0,"menu_order":0,"comment_status":"closed","ping_status":"closed","template":"template-layout-builder.php","meta":{"inline_featured_image":false,"footnotes":""},"class_list":["post-3033","page","type-page","status-publish","hentry"],"acf":[],"_links":{"self":[{"href":"https:\/\/jantar-morze.pl\/club-plaza\/wp-json\/wp\/v2\/pages\/3033","targetHints":{"allow":["GET"]}}],"collection":[{"href":"https:\/\/jantar-morze.pl\/club-plaza\/wp-json\/wp\/v2\/pages"}],"about":[{"href":"https:\/\/jantar-morze.pl\/club-plaza\/wp-json\/wp\/v2\/types\/page"}],"author":[{"embeddable":true,"href":"https:\/\/jantar-morze.pl\/club-plaza\/wp-json\/wp\/v2\/users\/1"}],"replies":[{"embeddable":true,"href":"https:\/\/jantar-morze.pl\/club-plaza\/wp-json\/wp\/v2\/comments?post=3033"}],"version-history":[{"count":4,"href":"https:\/\/jantar-morze.pl\/club-plaza\/wp-json\/wp\/v2\/pages\/3033\/revisions"}],"predecessor-version":[{"id":3113,"href":"https:\/\/jantar-morze.pl\/club-plaza\/wp-json\/wp\/v2\/pages\/3033\/revisions\/3113"}],"wp:attachment":[{"href":"https:\/\/jantar-morze.pl\/club-plaza\/wp-json\/wp\/v2\/media?parent=3033"}],"curies":[{"name":"wp","href":"https:\/\/api.w.org\/{rel}","templated":true}]}}